{"id":2260,"date":"2022-12-10T15:30:01","date_gmt":"2022-12-10T14:30:01","guid":{"rendered":"https:\/\/eshop.openhousepraha.cz\/subdom\/eshop\/?page_id=2260"},"modified":"2025-03-13T18:49:33","modified_gmt":"2025-03-13T17:49:33","slug":"darkove-poukazy","status":"publish","type":"page","link":"https:\/\/eshop.openhousepraha.cz\/subdom\/eshop\/darkove-poukazy\/","title":{"rendered":"D\u00e1rkov\u00e9 poukazy"},"content":{"rendered":"\n<div class=\"wp-block-columns is-layout-flex wp-container-core-columns-is-layout-9d6595d7 wp-block-columns-is-layout-flex\">\n<div class=\"wp-block-column is-layout-flow wp-block-column-is-layout-flow\">\n<h2 class=\"wp-block-heading\">Darujte z\u00e1\u017eitek z architektury!<\/h2>\n\n\n\n<p>Prozkoumejte <strong>b\u011b\u017en\u011b nep\u0159\u00edstupn\u00e1 m\u00edsta i pra\u017esk\u00e1 z\u00e1kout\u00ed<\/strong>! Obdivujte honosn\u00e9<strong> pal\u00e1ce <\/strong>v historick\u00e9m srdci m\u011bsta, p\u016fsobivou architekturu <strong>vilov\u00fdch \u010dtvrt\u00ed<\/strong>, <strong>sakr\u00e1ln\u00ed skvosty <\/strong>od v\u00fdznamn\u00fdch architekt\u016f nebo<strong> industri\u00e1ln\u00ed pam\u00e1tky<\/strong>.<\/p>\n\n\n\n<p>Seznamte se s <strong>poutav\u00fdmi p\u0159\u00edb\u011bhy dom\u016f<\/strong>, jejich obyvatel i stavebn\u00edk\u016f. Neziskov\u00e1 organizace Open House Praha, z. \u00fa., nab\u00edz\u00ed <strong>komentovan\u00e9 prohl\u00eddky a proch\u00e1zky po cel\u00fd rok<\/strong>.<\/p>\n\n\n\n<p>R\u00e1di byste architektonick\u00fd z\u00e1\u017eitek n\u011bkomu v\u011bnovali? Vyu\u017eijte <strong>d\u00e1rkov\u00e9 poukazy<\/strong> v <strong>r\u016fzn\u00fdch hodnot\u00e1ch<\/strong>!<\/p>\n\n\n\n<div class=\"wp-block-buttons is-content-justification-left is-layout-flex wp-container-core-buttons-is-layout-cf25e3cc wp-block-buttons-is-layout-flex\">\n<div class=\"wp-block-button is-style-outline is-style-outline--1\"><a class=\"wp-block-button__link has-white-color has-text-color has-background has-link-color has-text-align-left wp-element-button\" href=\"https:\/\/www.openhousepraha.cz\/poukazy\/\" style=\"border-radius:0px;background-color:#21397d\" target=\"_blank\" rel=\"noreferrer noopener\">Koupit<\/a><\/div>\n\n\n\n<div class=\"wp-block-button is-style-outline is-style-outline--2\"><a class=\"wp-block-button__link has-white-color has-text-color has-background has-link-color wp-element-button\" href=\"https:\/\/www.openhousepraha.cz\/kalendar-akci\/\" style=\"border-radius:0px;background-color:#21397d\" target=\"_blank\" rel=\"noreferrer noopener\">Nab\u00eddka akc\u00ed<\/a><\/div>\n<\/div>\n<\/div>\n\n\n\n<div class=\"wp-block-column is-layout-flow wp-block-column-is-layout-flow\">\n<figure class=\"wp-block-image size-large\"><img loading=\"lazy\" decoding=\"async\" width=\"2560\" height=\"1919\" src=\"https:\/\/eshop.openhousepraha.cz\/subdom\/eshop\/wp-content\/uploads\/2025\/03\/Praha_slechticka_II_20221016_Eva_Moricka_arch_011-edited-scaled.jpg\" alt=\"thunovsky palac\" class=\"wp-image-3902\" srcset=\"https:\/\/eshop.openhousepraha.cz\/subdom\/eshop\/wp-content\/uploads\/2025\/03\/Praha_slechticka_II_20221016_Eva_Moricka_arch_011-edited-scaled.jpg 2560w, https:\/\/eshop.openhousepraha.cz\/subdom\/eshop\/wp-content\/uploads\/2025\/03\/Praha_slechticka_II_20221016_Eva_Moricka_arch_011-edited-250x187.jpg 250w, https:\/\/eshop.openhousepraha.cz\/subdom\/eshop\/wp-content\/uploads\/2025\/03\/Praha_slechticka_II_20221016_Eva_Moricka_arch_011-edited-700x525.jpg 700w, https:\/\/eshop.openhousepraha.cz\/subdom\/eshop\/wp-content\/uploads\/2025\/03\/Praha_slechticka_II_20221016_Eva_Moricka_arch_011-edited-768x576.jpg 768w, https:\/\/eshop.openhousepraha.cz\/subdom\/eshop\/wp-content\/uploads\/2025\/03\/Praha_slechticka_II_20221016_Eva_Moricka_arch_011-edited-1536x1151.jpg 1536w, https:\/\/eshop.openhousepraha.cz\/subdom\/eshop\/wp-content\/uploads\/2025\/03\/Praha_slechticka_II_20221016_Eva_Moricka_arch_011-edited-2048x1535.jpg 2048w, https:\/\/eshop.openhousepraha.cz\/subdom\/eshop\/wp-content\/uploads\/2025\/03\/Praha_slechticka_II_20221016_Eva_Moricka_arch_011-edited-120x90.jpg 120w, https:\/\/eshop.openhousepraha.cz\/subdom\/eshop\/wp-content\/uploads\/2025\/03\/Praha_slechticka_II_20221016_Eva_Moricka_arch_011-edited-24x18.jpg 24w, https:\/\/eshop.openhousepraha.cz\/subdom\/eshop\/wp-content\/uploads\/2025\/03\/Praha_slechticka_II_20221016_Eva_Moricka_arch_011-edited-36x27.jpg 36w, https:\/\/eshop.openhousepraha.cz\/subdom\/eshop\/wp-content\/uploads\/2025\/03\/Praha_slechticka_II_20221016_Eva_Moricka_arch_011-edited-48x36.jpg 48w, https:\/\/eshop.openhousepraha.cz\/subdom\/eshop\/wp-content\/uploads\/2025\/03\/Praha_slechticka_II_20221016_Eva_Moricka_arch_011-edited-600x450.jpg 600w\" sizes=\"auto, (max-width: 2560px) 100vw, 2560px\" \/><figcaption class=\"wp-element-caption\">Thunovsk\u00fd pal\u00e1c na Mal\u00e9 Stran\u011b, foto: Eva Mo\u0159ick\u00e1<\/figcaption><\/figure>\n<\/div>\n<\/div>\n","protected":false},"excerpt":{"rendered":"Darujte z\u00e1\u017eitek z architektury! Prozkoumejte b\u011b\u017en\u011b nep\u0159\u00edstupn\u00e1 m\u00edsta i pra\u017esk\u00e1 z\u00e1kout\u00ed! Obdivujte honosn\u00e9 pal\u00e1ce v historick\u00e9m srdci m\u011bsta, p\u016fsobivou architekturu vilov\u00fdch \u010dtvrt\u00ed, sakr\u00e1ln\u00ed skvosty od v\u00fdznamn\u00fdch architekt\u016f nebo industri\u00e1ln\u00ed pam\u00e1tky. Seznamte se s poutav\u00fdmi p\u0159\u00edb\u011bhy dom\u016f, jejich obyvatel i stavebn\u00edk\u016f. Neziskov\u00e1 organizace Open House Praha, z. \u00fa., nab\u00edz\u00ed komentovan\u00e9 prohl\u00eddky a proch\u00e1zky po cel\u00fd rok&#8230;. <a class=\"view-article\" href=\"https:\/\/eshop.openhousepraha.cz\/subdom\/eshop\/darkove-poukazy\/\">View Article<\/a>","protected":false},"author":10,"featured_media":0,"parent":0,"menu_order":0,"comment_status":"closed","ping_status":"closed","template":"","meta":{"_acf_changed":false,"_monsterinsights_skip_tracking":false,"_monsterinsights_sitenote_active":false,"_monsterinsights_sitenote_note":"","_monsterinsights_sitenote_category":0,"footnotes":""},"class_list":["post-2260","page","type-page","status-publish","hentry"],"acf":[],"_links":{"self":[{"href":"https:\/\/eshop.openhousepraha.cz\/subdom\/eshop\/wp-json\/wp\/v2\/pages\/2260","targetHints":{"allow":["GET"]}}],"collection":[{"href":"https:\/\/eshop.openhousepraha.cz\/subdom\/eshop\/wp-json\/wp\/v2\/pages"}],"about":[{"href":"https:\/\/eshop.openhousepraha.cz\/subdom\/eshop\/wp-json\/wp\/v2\/types\/page"}],"author":[{"embeddable":true,"href":"https:\/\/eshop.openhousepraha.cz\/subdom\/eshop\/wp-json\/wp\/v2\/users\/10"}],"replies":[{"embeddable":true,"href":"https:\/\/eshop.openhousepraha.cz\/subdom\/eshop\/wp-json\/wp\/v2\/comments?post=2260"}],"version-history":[{"count":19,"href":"https:\/\/eshop.openhousepraha.cz\/subdom\/eshop\/wp-json\/wp\/v2\/pages\/2260\/revisions"}],"predecessor-version":[{"id":3907,"href":"https:\/\/eshop.openhousepraha.cz\/subdom\/eshop\/wp-json\/wp\/v2\/pages\/2260\/revisions\/3907"}],"wp:attachment":[{"href":"https:\/\/eshop.openhousepraha.cz\/subdom\/eshop\/wp-json\/wp\/v2\/media?parent=2260"}],"curies":[{"name":"wp","href":"https:\/\/api.w.org\/{rel}","templated":true}]}}