{"id":7,"date":"2021-02-18T13:52:29","date_gmt":"2021-02-18T12:52:29","guid":{"rendered":"https:\/\/eshop.openhousepraha.cz\/subdom\/eshop\/kosik\/"},"modified":"2023-11-28T18:12:03","modified_gmt":"2023-11-28T17:12:03","slug":"kosik","status":"publish","type":"page","link":"https:\/\/eshop.openhousepraha.cz\/subdom\/eshop\/kosik\/","title":{"rendered":"Ko\u0161\u00edk"},"content":{"rendered":"\n<div class=\"wp-block-buttons is-layout-flex wp-block-buttons-is-layout-flex\">\n<div class=\"wp-block-button is-style-fill\"><a class=\"wp-block-button__link has-background has-text-align-right wp-element-button\" href=\"https:\/\/eshop.openhousepraha.cz\/subdom\/eshop\/produkt\/latkove-pytliky-s-architektonickymi-motivy\/\" style=\"border-radius:5px;background-color:#21397d\">Zabalte va\u0161e d\u00e1rky rychle, stylov\u011b a ekologicky! Vyu\u017eijte na\u0161e l\u00e1tkov\u00e9 pytl\u00edky s architektonick\u00fdmi motivy.<\/a><\/div>\n<\/div>\n\n\n\n<p><\/p>\n\n\n\n","protected":false},"excerpt":{"rendered":"","protected":false},"author":1,"featured_media":0,"parent":0,"menu_order":0,"comment_status":"closed","ping_status":"closed","template":"","meta":{"_acf_changed":false,"_monsterinsights_skip_tracking":false,"_monsterinsights_sitenote_active":false,"_monsterinsights_sitenote_note":"","_monsterinsights_sitenote_category":0,"footnotes":""},"class_list":["post-7","page","type-page","status-publish","hentry"],"acf":[],"_links":{"self":[{"href":"https:\/\/eshop.openhousepraha.cz\/subdom\/eshop\/wp-json\/wp\/v2\/pages\/7","targetHints":{"allow":["GET"]}}],"collection":[{"href":"https:\/\/eshop.openhousepraha.cz\/subdom\/eshop\/wp-json\/wp\/v2\/pages"}],"about":[{"href":"https:\/\/eshop.openhousepraha.cz\/subdom\/eshop\/wp-json\/wp\/v2\/types\/page"}],"author":[{"embeddable":true,"href":"https:\/\/eshop.openhousepraha.cz\/subdom\/eshop\/wp-json\/wp\/v2\/users\/1"}],"replies":[{"embeddable":true,"href":"https:\/\/eshop.openhousepraha.cz\/subdom\/eshop\/wp-json\/wp\/v2\/comments?post=7"}],"version-history":[{"count":9,"href":"https:\/\/eshop.openhousepraha.cz\/subdom\/eshop\/wp-json\/wp\/v2\/pages\/7\/revisions"}],"predecessor-version":[{"id":2825,"href":"https:\/\/eshop.openhousepraha.cz\/subdom\/eshop\/wp-json\/wp\/v2\/pages\/7\/revisions\/2825"}],"wp:attachment":[{"href":"https:\/\/eshop.openhousepraha.cz\/subdom\/eshop\/wp-json\/wp\/v2\/media?parent=7"}],"curies":[{"name":"wp","href":"https:\/\/api.w.org\/{rel}","templated":true}]}}