{"id":1182,"date":"2023-11-01T06:20:23","date_gmt":"2023-11-01T05:20:23","guid":{"rendered":"https:\/\/eshop.openhousepraha.cz\/subdom\/eshop\/?post_type=product&#038;p=1182"},"modified":"2026-02-04T18:28:26","modified_gmt":"2026-02-04T17:28:26","slug":"upominkovy-plakat-winternitzova-vila","status":"publish","type":"product","link":"https:\/\/eshop.openhousepraha.cz\/subdom\/eshop\/produkt\/upominkovy-plakat-winternitzova-vila\/","title":{"rendered":"Plak\u00e1t Winternitzova vila"},"content":{"rendered":"<p><span style=\"font-weight: 400;\">Form\u00e1t: A2 (420 x 594 mm)<br \/>\n<\/span><span style=\"font-weight: 400;\">Gram\u00e1\u017e a pap\u00edr: matn\u00e1 k\u0159\u00edda, 200 g<\/span><\/p>\n<p>&nbsp;<\/p>\n","protected":false},"excerpt":{"rendered":"<span style=\"font-weight: 400;\">D\u00edlo Adolfa Loose a Karla Lhoty p\u0159ezd\u00edvan\u00e9 jako B\u00e9\u017eov\u00e1 princezna. Uchv\u00e1t\u00ed v\u00e1s Winternitzova vila na ilustraci od <strong>oce\u0148ovan\u00e9ho ilustr\u00e1tora Jana \u0160r\u00e1mka<\/strong> stejn\u011b tak, jako v re\u00e1lu?\u00a0<\/span>\r\n\r\nNem\u016f\u017eete si vybrat? Nab\u00edz\u00edme <a href=\"https:\/\/eshop.openhousepraha.cz\/subdom\/eshop\/produkt\/balicek-plakatu-kombinace-tri\/\"><strong>bal\u00ed\u010dek t\u0159\u00ed plak\u00e1t\u016f<\/strong><\/a> se slevou.","protected":false},"featured_media":1180,"template":"","meta":{"_acf_changed":false,"_monsterinsights_skip_tracking":false,"_monsterinsights_sitenote_active":false,"_monsterinsights_sitenote_note":"","_monsterinsights_sitenote_category":0},"product_brand":[],"product_cat":[38],"product_tag":[92,47,57],"class_list":{"0":"post-1182","1":"product","2":"type-product","3":"status-publish","4":"has-post-thumbnail","6":"product_cat-plakaty","7":"product_tag-plakaty","8":"product_tag-tistene","9":"product_tag-winternitzova-vila","11":"first","12":"instock","13":"shipping-taxable","14":"purchasable","15":"product-type-simple"},"acf":[],"_links":{"self":[{"href":"https:\/\/eshop.openhousepraha.cz\/subdom\/eshop\/wp-json\/wp\/v2\/product\/1182","targetHints":{"allow":["GET"]}}],"collection":[{"href":"https:\/\/eshop.openhousepraha.cz\/subdom\/eshop\/wp-json\/wp\/v2\/product"}],"about":[{"href":"https:\/\/eshop.openhousepraha.cz\/subdom\/eshop\/wp-json\/wp\/v2\/types\/product"}],"wp:featuredmedia":[{"embeddable":true,"href":"https:\/\/eshop.openhousepraha.cz\/subdom\/eshop\/wp-json\/wp\/v2\/media\/1180"}],"wp:attachment":[{"href":"https:\/\/eshop.openhousepraha.cz\/subdom\/eshop\/wp-json\/wp\/v2\/media?parent=1182"}],"wp:term":[{"taxonomy":"product_brand","embeddable":true,"href":"https:\/\/eshop.openhousepraha.cz\/subdom\/eshop\/wp-json\/wp\/v2\/product_brand?post=1182"},{"taxonomy":"product_cat","embeddable":true,"href":"https:\/\/eshop.openhousepraha.cz\/subdom\/eshop\/wp-json\/wp\/v2\/product_cat?post=1182"},{"taxonomy":"product_tag","embeddable":true,"href":"https:\/\/eshop.openhousepraha.cz\/subdom\/eshop\/wp-json\/wp\/v2\/product_tag?post=1182"}],"curies":[{"name":"wp","href":"https:\/\/api.w.org\/{rel}","templated":true}]}}