{"id":1185,"date":"2023-11-01T06:25:07","date_gmt":"2023-11-01T05:25:07","guid":{"rendered":"https:\/\/eshop.openhousepraha.cz\/subdom\/eshop\/?post_type=product&#038;p=1185"},"modified":"2026-02-04T18:27:48","modified_gmt":"2026-02-04T17:27:48","slug":"upominkovy-plakat-hlavni-nadrazi","status":"publish","type":"product","link":"https:\/\/eshop.openhousepraha.cz\/subdom\/eshop\/produkt\/upominkovy-plakat-hlavni-nadrazi\/","title":{"rendered":"Plak\u00e1t Hlavn\u00ed n\u00e1dra\u017e\u00ed"},"content":{"rendered":"<p><span style=\"font-weight: 400;\">Form\u00e1t: A2 (420 x 594 mm)<br \/>\n<\/span><span style=\"font-weight: 400;\">Gram\u00e1\u017e a pap\u00edr: matn\u00e1 k\u0159\u00edda, 200 g<\/span><\/p>\n<p>&nbsp;<\/p>\n","protected":false},"excerpt":{"rendered":"<span data-sheets-value=\"{&quot;1&quot;:2,&quot;2&quot;:&quot;V\u011bd\u011bli jste, \u017ee je Fantova budova Hlavn\u00edho n\u00e1dra\u017e\u00ed nejv\u011bt\u0161\u00ed secesn\u00ed pam\u00e1tkou v \u010cesku? Pam\u00e1te\u010dn\u00ed m\u016f\u017ee b\u00fdt i plak\u00e1t s ilustrac\u00ed tohoto secesn\u00edho skvostu od oce\u0148ovan\u00e9ho Jana \u0160r\u00e1mka. &quot;}\" data-sheets-userformat=\"{&quot;2&quot;:13311,&quot;3&quot;:{&quot;1&quot;:0},&quot;4&quot;:{&quot;1&quot;:2,&quot;2&quot;:15987699},&quot;5&quot;:{&quot;1&quot;:[{&quot;1&quot;:2,&quot;2&quot;:0,&quot;5&quot;:{&quot;1&quot;:2,&quot;2&quot;:0}},{&quot;1&quot;:0,&quot;2&quot;:0,&quot;3&quot;:3},{&quot;1&quot;:1,&quot;2&quot;:0,&quot;4&quot;:1}]},&quot;6&quot;:{&quot;1&quot;:[{&quot;1&quot;:2,&quot;2&quot;:0,&quot;5&quot;:{&quot;1&quot;:2,&quot;2&quot;:0}},{&quot;1&quot;:0,&quot;2&quot;:0,&quot;3&quot;:3},{&quot;1&quot;:1,&quot;2&quot;:0,&quot;4&quot;:1}]},&quot;7&quot;:{&quot;1&quot;:[{&quot;1&quot;:2,&quot;2&quot;:0,&quot;5&quot;:{&quot;1&quot;:2,&quot;2&quot;:0}},{&quot;1&quot;:0,&quot;2&quot;:0,&quot;3&quot;:3},{&quot;1&quot;:1,&quot;2&quot;:0,&quot;4&quot;:1}]},&quot;8&quot;:{&quot;1&quot;:[{&quot;1&quot;:2,&quot;2&quot;:0,&quot;5&quot;:{&quot;1&quot;:2,&quot;2&quot;:0}},{&quot;1&quot;:0,&quot;2&quot;:0,&quot;3&quot;:3},{&quot;1&quot;:1,&quot;2&quot;:0,&quot;4&quot;:1}]},&quot;9&quot;:1,&quot;10&quot;:1,&quot;11&quot;:4,&quot;12&quot;:0,&quot;15&quot;:&quot;Arial&quot;,&quot;16&quot;:10}\">V\u011bd\u011bli jste, \u017ee je <strong>Fantova budova Hlavn\u00edho n\u00e1dra\u017e\u00ed<\/strong> nejv\u011bt\u0161\u00ed secesn\u00ed pam\u00e1tkou v \u010cesku? Pam\u00e1te\u010dn\u00ed m\u016f\u017ee b\u00fdt i plak\u00e1t s ilustrac\u00ed tohoto secesn\u00edho skvostu od <strong>oce\u0148ovan\u00e9ho ilustr\u00e1tora Jana \u0160r\u00e1mka.<\/strong> Prezidentsk\u00fd sal\u00f3nek na Hlavn\u00edm n\u00e1dra\u017e\u00ed v\u00e1m festival toti\u017e otev\u00edr\u00e1 ka\u017edoro\u010dn\u011b. Plak\u00e1t ocen\u00ed jak milovn\u00edci architektury, tak zap\u00e1len\u00ed nad\u0161enci vlak\u016f.\u00a0<\/span>\r\n\r\nNem\u016f\u017eete si vybrat? Nab\u00edz\u00edme <a href=\"https:\/\/eshop.openhousepraha.cz\/subdom\/eshop\/produkt\/balicek-plakatu-kombinace-tri\/\"><strong>bal\u00ed\u010dek t\u0159\u00ed plak\u00e1t\u016f<\/strong><\/a> se slevou.","protected":false},"featured_media":1170,"template":"","meta":{"_acf_changed":false,"_monsterinsights_skip_tracking":false,"_monsterinsights_sitenote_active":false,"_monsterinsights_sitenote_note":"","_monsterinsights_sitenote_category":0},"product_brand":[],"product_cat":[38],"product_tag":[56,92,47],"class_list":{"0":"post-1185","1":"product","2":"type-product","3":"status-publish","4":"has-post-thumbnail","6":"product_cat-plakaty","7":"product_tag-hlavni-nadrazi","8":"product_tag-plakaty","9":"product_tag-tistene","11":"first","12":"instock","13":"shipping-taxable","14":"purchasable","15":"product-type-simple"},"acf":[],"_links":{"self":[{"href":"https:\/\/eshop.openhousepraha.cz\/subdom\/eshop\/wp-json\/wp\/v2\/product\/1185","targetHints":{"allow":["GET"]}}],"collection":[{"href":"https:\/\/eshop.openhousepraha.cz\/subdom\/eshop\/wp-json\/wp\/v2\/product"}],"about":[{"href":"https:\/\/eshop.openhousepraha.cz\/subdom\/eshop\/wp-json\/wp\/v2\/types\/product"}],"wp:featuredmedia":[{"embeddable":true,"href":"https:\/\/eshop.openhousepraha.cz\/subdom\/eshop\/wp-json\/wp\/v2\/media\/1170"}],"wp:attachment":[{"href":"https:\/\/eshop.openhousepraha.cz\/subdom\/eshop\/wp-json\/wp\/v2\/media?parent=1185"}],"wp:term":[{"taxonomy":"product_brand","embeddable":true,"href":"https:\/\/eshop.openhousepraha.cz\/subdom\/eshop\/wp-json\/wp\/v2\/product_brand?post=1185"},{"taxonomy":"product_cat","embeddable":true,"href":"https:\/\/eshop.openhousepraha.cz\/subdom\/eshop\/wp-json\/wp\/v2\/product_cat?post=1185"},{"taxonomy":"product_tag","embeddable":true,"href":"https:\/\/eshop.openhousepraha.cz\/subdom\/eshop\/wp-json\/wp\/v2\/product_tag?post=1185"}],"curies":[{"name":"wp","href":"https:\/\/api.w.org\/{rel}","templated":true}]}}