{"id":2188,"date":"2023-11-01T06:40:46","date_gmt":"2023-11-01T05:40:46","guid":{"rendered":"https:\/\/eshop.openhousepraha.cz\/subdom\/eshop\/?post_type=product&#038;p=2188"},"modified":"2026-02-04T18:26:00","modified_gmt":"2026-02-04T17:26:00","slug":"plakat-palac-elektrickych-podniku-bubenska-1","status":"publish","type":"product","link":"https:\/\/eshop.openhousepraha.cz\/subdom\/eshop\/produkt\/plakat-palac-elektrickych-podniku-bubenska-1\/","title":{"rendered":"Plak\u00e1t pal\u00e1c Elektrick\u00fdch podnik\u016f \u2013 Bubensk\u00e1 1"},"content":{"rendered":"<p><span style=\"font-weight: 400;\">Form\u00e1t: A2 (420 x 594 mm)<br \/>\n<\/span><span style=\"font-weight: 400;\">Gram\u00e1\u017e a pap\u00edr: matn\u00e1 k\u0159\u00edda, 200 g<\/span><\/p>\n<p>&nbsp;<\/p>\n","protected":false},"excerpt":{"rendered":"Funkcionalistick\u00fd <strong>pal\u00e1c Elektrick\u00fdch podnik\u016f Praha<\/strong> (nyn\u00ed Bubensk\u00e1 1) pro\u0161el n\u00e1ro\u010dnou rekonstrukc\u00ed, kter\u00e1 budov\u011b vynesla titul Stavba roku 2021. D\u00edky plak\u00e1tu s ilustrac\u00ed od <strong>oce\u0148ovan\u00e9ho ilustr\u00e1tora Jana \u0160r\u00e1mka<\/strong> m\u016f\u017eete nad\u010dasovost jeho architektury obdivovat z pohodl\u00ed domova.\r\n\r\nNem\u016f\u017eete si vybrat? Nab\u00edz\u00edme <a href=\"https:\/\/eshop.openhousepraha.cz\/subdom\/eshop\/produkt\/balicek-plakatu-kombinace-tri\/\"><strong>bal\u00ed\u010dek t\u0159\u00ed plak\u00e1t\u016f<\/strong><\/a> se slevou.","protected":false},"featured_media":2198,"template":"","meta":{"_acf_changed":false,"_monsterinsights_skip_tracking":false,"_monsterinsights_sitenote_active":false,"_monsterinsights_sitenote_note":"","_monsterinsights_sitenote_category":0},"product_brand":[],"product_cat":[38],"product_tag":[75,92,47],"class_list":{"0":"post-2188","1":"product","2":"type-product","3":"status-publish","4":"has-post-thumbnail","6":"product_cat-plakaty","7":"product_tag-bubenska-1","8":"product_tag-plakaty","9":"product_tag-tistene","11":"first","12":"instock","13":"shipping-taxable","14":"purchasable","15":"product-type-simple"},"acf":[],"_links":{"self":[{"href":"https:\/\/eshop.openhousepraha.cz\/subdom\/eshop\/wp-json\/wp\/v2\/product\/2188","targetHints":{"allow":["GET"]}}],"collection":[{"href":"https:\/\/eshop.openhousepraha.cz\/subdom\/eshop\/wp-json\/wp\/v2\/product"}],"about":[{"href":"https:\/\/eshop.openhousepraha.cz\/subdom\/eshop\/wp-json\/wp\/v2\/types\/product"}],"wp:featuredmedia":[{"embeddable":true,"href":"https:\/\/eshop.openhousepraha.cz\/subdom\/eshop\/wp-json\/wp\/v2\/media\/2198"}],"wp:attachment":[{"href":"https:\/\/eshop.openhousepraha.cz\/subdom\/eshop\/wp-json\/wp\/v2\/media?parent=2188"}],"wp:term":[{"taxonomy":"product_brand","embeddable":true,"href":"https:\/\/eshop.openhousepraha.cz\/subdom\/eshop\/wp-json\/wp\/v2\/product_brand?post=2188"},{"taxonomy":"product_cat","embeddable":true,"href":"https:\/\/eshop.openhousepraha.cz\/subdom\/eshop\/wp-json\/wp\/v2\/product_cat?post=2188"},{"taxonomy":"product_tag","embeddable":true,"href":"https:\/\/eshop.openhousepraha.cz\/subdom\/eshop\/wp-json\/wp\/v2\/product_tag?post=2188"}],"curies":[{"name":"wp","href":"https:\/\/api.w.org\/{rel}","templated":true}]}}