{"id":2792,"date":"2023-11-27T15:58:22","date_gmt":"2023-11-27T14:58:22","guid":{"rendered":"https:\/\/eshop.openhousepraha.cz\/subdom\/eshop\/?post_type=product&#038;p=2792"},"modified":"2026-02-04T18:23:19","modified_gmt":"2026-02-04T17:23:19","slug":"plakat-nnz","status":"publish","type":"product","link":"https:\/\/eshop.openhousepraha.cz\/subdom\/eshop\/produkt\/plakat-nnz\/","title":{"rendered":"Plak\u00e1t N\u00e1kladov\u00e9 n\u00e1dra\u017e\u00ed \u017di\u017ekov"},"content":{"rendered":"<p><span style=\"font-weight: 400;\">Form\u00e1t: A2 (420 x 594 mm)<br \/>\n<\/span><span style=\"font-weight: 400;\">Gram\u00e1\u017e a pap\u00edr: matn\u00e1 k\u0159\u00edda, 200 g<\/span><\/p>\n<p>&nbsp;<\/p>\n","protected":false},"excerpt":{"rendered":"<strong>N\u00e1kladov\u00e9 n\u00e1dra\u017e\u00ed \u017di\u017ekov<\/strong> je jedna z<strong> nejv\u00fdznamn\u011bj\u0161\u00edch pra\u017esk\u00fdch industri\u00e1ln\u00edch pam\u00e1tek<\/strong>. Funkcionalistick\u00fd komplex vznikl v roce 1935 podle n\u00e1vrhu architekt\u016f Karla Caivase a Vladim\u00edra Weisse a jednalo se o nejmodern\u011bj\u0161\u00ed n\u00e1dra\u017e\u00ed ve sv\u00e9 dob\u011b. Ilustr\u00e1tor <strong>Jan \u0160r\u00e1mek<\/strong> pro n\u00e1s zachytil pohled na jeho jedine\u010dn\u00e9 v\u00fdtahov\u00e9 v\u011b\u017ee. Jste obdivovateli industri\u00e1ln\u00ed architektury? To by v\u00e1m plak\u00e1t s t\u00edmto motivem nem\u011bl ve va\u0161\u00ed sb\u00edrce chyb\u011bt!\r\n\r\nNem\u016f\u017eete si vybrat? Nab\u00edz\u00edme <a href=\"https:\/\/eshop.openhousepraha.cz\/subdom\/eshop\/produkt\/balicek-plakatu-kombinace-tri\/\"><strong>bal\u00ed\u010dek t\u0159\u00ed plak\u00e1t\u016f<\/strong><\/a> se slevou.","protected":false},"featured_media":2852,"template":"","meta":{"_acf_changed":false,"_monsterinsights_skip_tracking":false,"_monsterinsights_sitenote_active":false,"_monsterinsights_sitenote_note":"","_monsterinsights_sitenote_category":0},"product_brand":[],"product_cat":[38],"product_tag":[92,47],"class_list":{"0":"post-2792","1":"product","2":"type-product","3":"status-publish","4":"has-post-thumbnail","6":"product_cat-plakaty","7":"product_tag-plakaty","8":"product_tag-tistene","10":"first","11":"instock","12":"shipping-taxable","13":"purchasable","14":"product-type-simple"},"acf":[],"_links":{"self":[{"href":"https:\/\/eshop.openhousepraha.cz\/subdom\/eshop\/wp-json\/wp\/v2\/product\/2792","targetHints":{"allow":["GET"]}}],"collection":[{"href":"https:\/\/eshop.openhousepraha.cz\/subdom\/eshop\/wp-json\/wp\/v2\/product"}],"about":[{"href":"https:\/\/eshop.openhousepraha.cz\/subdom\/eshop\/wp-json\/wp\/v2\/types\/product"}],"wp:featuredmedia":[{"embeddable":true,"href":"https:\/\/eshop.openhousepraha.cz\/subdom\/eshop\/wp-json\/wp\/v2\/media\/2852"}],"wp:attachment":[{"href":"https:\/\/eshop.openhousepraha.cz\/subdom\/eshop\/wp-json\/wp\/v2\/media?parent=2792"}],"wp:term":[{"taxonomy":"product_brand","embeddable":true,"href":"https:\/\/eshop.openhousepraha.cz\/subdom\/eshop\/wp-json\/wp\/v2\/product_brand?post=2792"},{"taxonomy":"product_cat","embeddable":true,"href":"https:\/\/eshop.openhousepraha.cz\/subdom\/eshop\/wp-json\/wp\/v2\/product_cat?post=2792"},{"taxonomy":"product_tag","embeddable":true,"href":"https:\/\/eshop.openhousepraha.cz\/subdom\/eshop\/wp-json\/wp\/v2\/product_tag?post=2792"}],"curies":[{"name":"wp","href":"https:\/\/api.w.org\/{rel}","templated":true}]}}