{"id":3561,"date":"2024-10-25T14:33:07","date_gmt":"2024-10-25T12:33:07","guid":{"rendered":"https:\/\/eshop.openhousepraha.cz\/subdom\/eshop\/?post_type=product&#038;p=3561"},"modified":"2026-02-04T16:28:17","modified_gmt":"2026-02-04T15:28:17","slug":"unisex-mikina-edice-svarcplan-prahy-se-zipem-bila","status":"publish","type":"product","link":"https:\/\/eshop.openhousepraha.cz\/subdom\/eshop\/produkt\/unisex-mikina-edice-svarcplan-prahy-se-zipem-bila\/","title":{"rendered":"Unisex mikina edice \u0160varcpl\u00e1n Prahy se zipem, b\u00edl\u00e1"},"content":{"rendered":"<p><span style=\"color: #000000;\"><strong>Stanley Stella Cultivator 2.0<\/strong><\/span><\/p>\n<p><span style=\"font-weight: 400; color: #000000;\">Materi\u00e1l: 100 % organick\u00e1 \u010desan\u00e1 bavlna<\/span><\/p>\n<p><span style=\"font-weight: 400; color: #000000;\">Barva: b\u00edl\u00e1, potisk vzadu \u010dern\u00fd<\/span><\/p>\n<p><span style=\"font-weight: 400; color: #000000;\">St\u0159ih: rovn\u00fd, p\u0159edn\u00ed kapsa, zip, kapuce<\/span><\/p>\n<p><span style=\"font-weight: 400; color: #000000;\">\u00dadr\u017eba: prateln\u00e9 na 30 \u00b0C<\/span><\/p>\n<p><span style=\"font-weight: 400; color: #000000;\">Gram\u00e1\u017e: 350 g\/m\u00b2<\/span><\/p>\n<p>&nbsp;<\/p>\n","protected":false},"excerpt":{"rendered":"S dlouh\u00fdmi zimn\u00edmi m\u011bs\u00edci p\u0159ed n\u00e1mi v\u00e1m zaru\u010den\u011b p\u0159ijde vhod<strong> b\u00edl\u00e1 unisex mikina s kapuc\u00ed<\/strong>.\r\n\r\nTato mikina osv\u011bd\u010den\u00e9 zna\u010dky <strong>Stanley Stella<\/strong> m\u00e1 krom\u011b <strong>p\u0159edn\u00ed klokan\u00ed kapsy<\/strong> tak\u00e9 <strong>zap\u00edn\u00e1n\u00ed na zip<\/strong>. Zah\u0159eje v\u00e1s nejen <strong>p\u0159\u00edjemn\u00fd materi\u00e1l ze 100% bio bavlny<\/strong>, ale i dobr\u00fd pocit z podpory festivalu.\r\n\r\n<span style=\"font-weight: 400;\">St\u0159ih mikiny je <strong>unisex<\/strong>, m\u00e1 mnoho velikost\u00ed a padne tedy v\u0161em. Pod\u00edvejte se do tabulky velikost\u00ed n\u00ed\u017ee.\u00a0<\/span>\r\n\r\nNab\u00edz\u00edme i <strong>variantu mikiny bez zipu nebo v \u010dern\u00e9 barv\u011b<\/strong>. <a href=\"https:\/\/eshop.openhousepraha.cz\/subdom\/eshop\/stitek-produktu\/mikiny\/\"><strong>V\u00edce mo\u017enost\u00ed<\/strong><\/a>\r\n\r\nL\u00edb\u00ed se v\u00e1m tento minimalistick\u00fd grafick\u00fd motiv? Pod\u00edvejte se na dal\u0161\u00ed produkty z cel\u00e9 <a href=\"https:\/\/eshop.openhousepraha.cz\/subdom\/eshop\/stitek-produktu\/edice-svarcplan\/\"><strong>edice \u0160varcpl\u00e1n<\/strong><\/a>.\r\n<p style=\"text-align: left;\"><a href=\"https:\/\/eshop.openhousepraha.cz\/subdom\/eshop\/wp-content\/uploads\/2024\/10\/Stella_Stanely_Cultivator_velikostni_tabulka.png\">VELIKOSTN\u00cd TABULKA<\/a><\/p>\r\nModelka m\u011b\u0159\u00ed 168 cm a m\u00e1 na sob\u011b velikost S. Model m\u011b\u0159\u00ed 196 cm a m\u00e1 na sob\u011b velikost XL.","protected":false},"featured_media":3656,"template":"","meta":{"_acf_changed":false,"_monsterinsights_skip_tracking":false,"_monsterinsights_sitenote_active":false,"_monsterinsights_sitenote_note":"","_monsterinsights_sitenote_category":0},"product_brand":[],"product_cat":[87,27],"product_tag":[83,90],"class_list":{"0":"post-3561","1":"product","2":"type-product","3":"status-publish","4":"has-post-thumbnail","6":"product_cat-mikiny","7":"product_cat-textil","8":"product_tag-edice-svarcplan","9":"product_tag-mikiny","11":"first","12":"instock","13":"shipping-taxable","14":"purchasable","15":"product-type-variable"},"acf":[],"_links":{"self":[{"href":"https:\/\/eshop.openhousepraha.cz\/subdom\/eshop\/wp-json\/wp\/v2\/product\/3561","targetHints":{"allow":["GET"]}}],"collection":[{"href":"https:\/\/eshop.openhousepraha.cz\/subdom\/eshop\/wp-json\/wp\/v2\/product"}],"about":[{"href":"https:\/\/eshop.openhousepraha.cz\/subdom\/eshop\/wp-json\/wp\/v2\/types\/product"}],"wp:featuredmedia":[{"embeddable":true,"href":"https:\/\/eshop.openhousepraha.cz\/subdom\/eshop\/wp-json\/wp\/v2\/media\/3656"}],"wp:attachment":[{"href":"https:\/\/eshop.openhousepraha.cz\/subdom\/eshop\/wp-json\/wp\/v2\/media?parent=3561"}],"wp:term":[{"taxonomy":"product_brand","embeddable":true,"href":"https:\/\/eshop.openhousepraha.cz\/subdom\/eshop\/wp-json\/wp\/v2\/product_brand?post=3561"},{"taxonomy":"product_cat","embeddable":true,"href":"https:\/\/eshop.openhousepraha.cz\/subdom\/eshop\/wp-json\/wp\/v2\/product_cat?post=3561"},{"taxonomy":"product_tag","embeddable":true,"href":"https:\/\/eshop.openhousepraha.cz\/subdom\/eshop\/wp-json\/wp\/v2\/product_tag?post=3561"}],"curies":[{"name":"wp","href":"https:\/\/api.w.org\/{rel}","templated":true}]}}