{"id":4496,"date":"2026-04-29T15:26:09","date_gmt":"2026-04-29T13:26:09","guid":{"rendered":"https:\/\/eshop.openhousepraha.cz\/subdom\/eshop\/?post_type=product&#038;p=4496"},"modified":"2026-04-29T19:52:21","modified_gmt":"2026-04-29T17:52:21","slug":"festivalovy-magazin-openmag-2026-tisk","status":"publish","type":"product","link":"https:\/\/eshop.openhousepraha.cz\/subdom\/eshop\/produkt\/festivalovy-magazin-openmag-2026-tisk\/","title":{"rendered":"Festivalov\u00fd magaz\u00edn OpenMag 2026"},"content":{"rendered":"<p>Form\u00e1t: 220 x 285mm<br \/>\nPo\u010det stran: 40<\/p>\n<p>&nbsp;<\/p>\n","protected":false},"excerpt":{"rendered":"<h3><strong>Nepostradateln\u00fd pomocn\u00edk p\u0159i pl\u00e1nov\u00e1n\u00ed va\u0161\u00ed festivalov\u00e9 trasy\u00a0<\/strong><\/h3>\r\n<strong>Magaz\u00edn OpenMag<\/strong> je hlavn\u00edm pr\u016fvodcem n\u00e1v\u0161t\u011bvn\u00edk\u016f po cel\u00e9m festivalu <strong><a href=\"https:\/\/www.openhousepraha.cz\/festival-2026\/\">Open House Praha 2026<\/a><\/strong>.\r\n\r\nNab\u00edz\u00ed atraktivn\u00ed obsah \u2013 od praktick\u00fdch informac\u00ed a tematick\u00fdch tip\u016f p\u0159es rozhovor s architektem Josefem Pleskotem a\u017e po p\u0159edstaven\u00ed vybran\u00fdch otev\u0159en\u00fdch budov a doprovodn\u00fdch program\u016f. Tak\u00e9 v n\u011bm najdete slevov\u00fd kupon na k\u00e1vu do Bageterie Boulevard.\r\n\r\nSou\u010d\u00e1st\u00ed magaz\u00ednu je <strong>vlo\u017een\u00e1 mapa<\/strong>, kter\u00e1 usnad\u0148uje orientaci v seznamu v\u00edce ne\u017e 100 otev\u0159en\u00fdch budov.\r\n\r\nPokud si objedn\u00e1te ti\u0161t\u011bn\u00fd magaz\u00edn nyn\u00ed, po\u0161leme v\u00e1m jej v t\u00fddnu <strong>od 11. kv\u011btna 2026<\/strong>.\r\n\r\nOd <strong>18. kv\u011btna 2026<\/strong> si jej m\u016f\u017eete osobn\u011b vyzvednout nebo zakoupit ve <a href=\"https:\/\/www.openhousepraha.cz\/festival-2025\/infocentrum\/\"><strong>festivalov\u00e9m infocentru<\/strong><\/a> v Kampusu Hybernsk\u00e1 v otev\u00edrac\u00ed dob\u011b po\u2013p\u00e1 10\u201318 hodin, so\u2013ne 9\u201319 hodin.\r\n\r\n<span style=\"color: #003366;\"><strong>Koup\u00ed magaz\u00ednu podpo\u0159\u00edte p\u0159\u00edpravy dal\u0161\u00edho ro\u010dn\u00edku festivalu. D\u011bkujeme!<\/strong><\/span>","protected":false},"featured_media":4497,"template":"","meta":{"_acf_changed":false,"_monsterinsights_skip_tracking":false,"_monsterinsights_sitenote_active":false,"_monsterinsights_sitenote_note":"","_monsterinsights_sitenote_category":0},"product_brand":[],"product_cat":[62],"product_tag":[103],"class_list":{"0":"post-4496","1":"product","2":"type-product","3":"status-publish","4":"has-post-thumbnail","6":"product_cat-tiskoviny","7":"product_tag-edice-2026","9":"first","10":"instock","11":"shipping-taxable","12":"purchasable","13":"product-type-simple"},"acf":[],"_links":{"self":[{"href":"https:\/\/eshop.openhousepraha.cz\/subdom\/eshop\/wp-json\/wp\/v2\/product\/4496","targetHints":{"allow":["GET"]}}],"collection":[{"href":"https:\/\/eshop.openhousepraha.cz\/subdom\/eshop\/wp-json\/wp\/v2\/product"}],"about":[{"href":"https:\/\/eshop.openhousepraha.cz\/subdom\/eshop\/wp-json\/wp\/v2\/types\/product"}],"wp:featuredmedia":[{"embeddable":true,"href":"https:\/\/eshop.openhousepraha.cz\/subdom\/eshop\/wp-json\/wp\/v2\/media\/4497"}],"wp:attachment":[{"href":"https:\/\/eshop.openhousepraha.cz\/subdom\/eshop\/wp-json\/wp\/v2\/media?parent=4496"}],"wp:term":[{"taxonomy":"product_brand","embeddable":true,"href":"https:\/\/eshop.openhousepraha.cz\/subdom\/eshop\/wp-json\/wp\/v2\/product_brand?post=4496"},{"taxonomy":"product_cat","embeddable":true,"href":"https:\/\/eshop.openhousepraha.cz\/subdom\/eshop\/wp-json\/wp\/v2\/product_cat?post=4496"},{"taxonomy":"product_tag","embeddable":true,"href":"https:\/\/eshop.openhousepraha.cz\/subdom\/eshop\/wp-json\/wp\/v2\/product_tag?post=4496"}],"curies":[{"name":"wp","href":"https:\/\/api.w.org\/{rel}","templated":true}]}}