{"id":819,"date":"2023-11-01T06:00:49","date_gmt":"2023-11-01T05:00:49","guid":{"rendered":"https:\/\/eshop.openhousepraha.cz\/subdom\/eshop\/?post_type=product&#038;p=819"},"modified":"2026-02-04T18:31:00","modified_gmt":"2026-02-04T17:31:00","slug":"upominkovy-plakat-palac-ara","status":"publish","type":"product","link":"https:\/\/eshop.openhousepraha.cz\/subdom\/eshop\/produkt\/upominkovy-plakat-palac-ara\/","title":{"rendered":"Plak\u00e1t pal\u00e1c ARA"},"content":{"rendered":"<p><span style=\"font-weight: 400;\">Form\u00e1t: A2 (420 x 594 mm)<br \/>\n<\/span><span style=\"font-weight: 400;\">Gram\u00e1\u017e a pap\u00edr: matn\u00e1 k\u0159\u00edda, 200 g<\/span><\/p>\n<p>&nbsp;<\/p>\n","protected":false},"excerpt":{"rendered":"<span style=\"font-weight: 400;\"><strong>Pal\u00e1c ARA<\/strong>, kr\u00e1sn\u00fd funkcionalistick\u00fd pal\u00e1c v srdci Prahy, m\u016f\u017ee viset i u v\u00e1s v ob\u00fdv\u00e1ku. Kupte si upom\u00ednkov\u00fd plak\u00e1t s obr\u00e1zkem od <strong>oce\u0148ovan\u00e9ho ilustr\u00e1tora Jana \u0160r\u00e1mka<\/strong> a nezapomenete, \u017ee jste jej m\u011bli mo\u017enost v r\u00e1mci festivalu Open House Praha nav\u0161t\u00edvit. <\/span>\r\n\r\n<span style=\"font-weight: 400;\">V\u00edte, \u017ee m\u00e1me i<strong> <a href=\"https:\/\/eshop.openhousepraha.cz\/subdom\/eshop\/produkt\/upominkovy-plakat-nocni-palac-ara\/\">no\u010dn\u00ed variantu<\/a><\/strong> tohoto plak\u00e1tu s neonov\u00fdm osv\u00edcen\u00edm?<\/span>\r\n\r\nNem\u016f\u017eete si vybrat? Nab\u00edz\u00edme <a href=\"https:\/\/eshop.openhousepraha.cz\/subdom\/eshop\/produkt\/balicek-plakatu-kombinace-tri\/\"><strong>bal\u00ed\u010dek t\u0159\u00ed plak\u00e1t\u016f<\/strong><\/a> se slevou.","protected":false},"featured_media":919,"template":"","meta":{"_acf_changed":false,"_monsterinsights_skip_tracking":false,"_monsterinsights_sitenote_active":false,"_monsterinsights_sitenote_note":"","_monsterinsights_sitenote_category":0},"product_brand":[],"product_cat":[38],"product_tag":[46,92,47],"class_list":{"0":"post-819","1":"product","2":"type-product","3":"status-publish","4":"has-post-thumbnail","6":"product_cat-plakaty","7":"product_tag-palac-ara","8":"product_tag-plakaty","9":"product_tag-tistene","11":"first","12":"instock","13":"shipping-taxable","14":"purchasable","15":"product-type-simple"},"acf":[],"_links":{"self":[{"href":"https:\/\/eshop.openhousepraha.cz\/subdom\/eshop\/wp-json\/wp\/v2\/product\/819","targetHints":{"allow":["GET"]}}],"collection":[{"href":"https:\/\/eshop.openhousepraha.cz\/subdom\/eshop\/wp-json\/wp\/v2\/product"}],"about":[{"href":"https:\/\/eshop.openhousepraha.cz\/subdom\/eshop\/wp-json\/wp\/v2\/types\/product"}],"wp:featuredmedia":[{"embeddable":true,"href":"https:\/\/eshop.openhousepraha.cz\/subdom\/eshop\/wp-json\/wp\/v2\/media\/919"}],"wp:attachment":[{"href":"https:\/\/eshop.openhousepraha.cz\/subdom\/eshop\/wp-json\/wp\/v2\/media?parent=819"}],"wp:term":[{"taxonomy":"product_brand","embeddable":true,"href":"https:\/\/eshop.openhousepraha.cz\/subdom\/eshop\/wp-json\/wp\/v2\/product_brand?post=819"},{"taxonomy":"product_cat","embeddable":true,"href":"https:\/\/eshop.openhousepraha.cz\/subdom\/eshop\/wp-json\/wp\/v2\/product_cat?post=819"},{"taxonomy":"product_tag","embeddable":true,"href":"https:\/\/eshop.openhousepraha.cz\/subdom\/eshop\/wp-json\/wp\/v2\/product_tag?post=819"}],"curies":[{"name":"wp","href":"https:\/\/api.w.org\/{rel}","templated":true}]}}